{"id":995,"date":"2023-01-26T10:27:15","date_gmt":"2023-01-26T10:27:15","guid":{"rendered":"http:\/\/phymeastest.de\/?page_id=995"},"modified":"2023-02-06T09:26:25","modified_gmt":"2023-02-06T09:26:25","slug":"applikationen","status":"publish","type":"page","link":"https:\/\/phymeas.de\/en\/applikationen\/","title":{"rendered":"Technology"},"content":{"rendered":"<div data-elementor-type=\"wp-page\" data-elementor-id=\"995\" class=\"elementor elementor-995\">\n\t\t\t\t\t\t<section class=\"elementor-section elementor-top-section elementor-element elementor-element-29468000 elementor-section-boxed elementor-section-height-default elementor-section-height-default\" data-id=\"29468000\" data-element_type=\"section\" data-e-type=\"section\">\n\t\t\t\t\t\t<div class=\"elementor-container elementor-column-gap-default\">\n\t\t\t\t\t<div class=\"elementor-column elementor-col-100 elementor-top-column elementor-element elementor-element-5ea748f2\" data-id=\"5ea748f2\" data-element_type=\"column\" data-e-type=\"column\">\n\t\t\t<div class=\"elementor-widget-wrap elementor-element-populated\">\n\t\t\t\t\t\t<div class=\"elementor-element elementor-element-66ffd8c1 elementor-widget elementor-widget-heading\" data-id=\"66ffd8c1\" data-element_type=\"widget\" data-e-type=\"widget\" data-widget_type=\"heading.default\">\n\t\t\t\t<div class=\"elementor-widget-container\">\n\t\t\t\t\t<h2 class=\"elementor-heading-title elementor-size-default\"><span style=\"color: var(--ast-global-color-2);white-space: normal\">Application Notes<\/span><\/h2>\t\t\t\t<\/div>\n\t\t\t\t<\/div>\n\t\t\t\t<div class=\"elementor-element elementor-element-2255b9eb elementor-widget elementor-widget-text-editor\" data-id=\"2255b9eb\" data-element_type=\"widget\" data-e-type=\"widget\" data-widget_type=\"text-editor.default\">\n\t\t\t\t<div class=\"elementor-widget-container\">\n\t\t\t\t\t\t\t\t\t<p style=\"font-size: 15px; font-style: normal; font-weight: 400;\"><span style=\"font-style: inherit; font-weight: inherit; background-color: rgba(0, 0, 0, 0); color: var(--ast-global-color-3);\">alleDie W\u00e4rmeflussmessplatten sind f\u00fcr Messaufgaben ausgelegt, bei denen die Temperatur 80\u00b0C nicht \u00fcbersteigt und ein l\u00e4ngerer Feuchtekontakt vermieden wird. F\u00fcr Anwendungen, bei denen die relative Luftfeuchtigkeit 80 % \u00fcbersteigt oder ein direkter Feuchtekontakt gegeben ist, m\u00fcssen die Sensoren durch zus\u00e4tzliche Ma\u00dfnahmen gesch\u00fctzt werden. Der Grund hierf\u00fcr besteht darin, dass d\u00fcnne Kunststoffschichten nicht dampfdicht sind.<\/span><\/p><p style=\"font-size: 15px; font-style: normal; font-weight: 400;\">A sealing can be achieved by aluminum adhesive foil or wrapping into bituminous foils or butyl rubber. When using metal foil with high thermal conductivity air gaps between foil and sensor have to be strictly avoided. The foil must not reach around the edges of the sensor (thermal bridges)!<\/p><figure class=\"wp-block-image alignleft is-resized\" style=\"font-size: 15px; font-style: normal; font-weight: 400;\"><a href=\"https:\/\/phymeas.de\/wp-content\/uploads\/2014\/04\/Ziegelwand.jpg\"><img fetchpriority=\"high\" decoding=\"async\" class=\"alignleft\" src=\"https:\/\/phymeas.de\/wp-content\/uploads\/2014\/04\/Ziegelwand-1024x593.jpg\" alt=\"Ziegelwand\" width=\"504\" height=\"292\" \/><\/a><\/figure><p style=\"font-size: 15px; font-style: normal; font-weight: 400;\">When measuring on surfaces it has to be ensured that heat exchange between surface and surrounding medium is not delivered only through convection but for the most part by thermal radiation. It is therefore important that emissivity and absorption rate of the sensor and the surface onto which the sensor is installed are identical. Since emissivity of metal foils differs in a considerable extent from the emissivity of most materials an additional coating with adapted emissivity should be made if necessary.<br \/>One sided exposure to humidity for a longer period of time without precautions can cause deformation of the sensor because the surface coating swells up. This is an indication that moisture entered the sensor which can cause a change in the calibration value.<br \/>For the attachment on non-absorbent surfaces double sided adhesive foil should be use preferably. Solvent- or water- based adhesives (e.g. acrylic adhesive) can be used on absorbent or permeable surfaces. In these cases thermal effects caused by evaporative heat may affect the measurement in the beginning. Although the sensor is already treated with wax in the manufacturing process it is recommended to cover it with an additional layer of a suited adhesive (e.g. liquid wax) to enable a non-destructive removal from different surfaces.<\/p><p style=\"font-size: 15px; font-style: normal; font-weight: 400;\">The measuring leads can be connected to the designated connections by soldering without problems. The pretinned connections are located centrically at the rim of the sensor. A low-powered soldering iron (15\u202630 W) should be used to prevent an unnecessary heating of the soldering joint.<\/p><p style=\"font-size: 15px; font-style: normal; font-weight: 400;\">Due to a low source resistance of the sensors the lead resistance of the measuring cable can be ignored if a high-resistive measuring instrument (usually a few M\u03a9) is used. This way practically any cable cross-sections are applicable. Furthermore interference such as AC hum are of little consequence which is why the usage of shielded cables is generally not necessary.<\/p>\t\t\t\t\t\t\t\t<\/div>\n\t\t\t\t<\/div>\n\t\t\t\t\t<\/div>\n\t\t<\/div>\n\t\t\t\t\t<\/div>\n\t\t<\/section>\n\t\t\t\t<\/div>","protected":false},"excerpt":{"rendered":"<p>Anwendungshinweise alleDie W\u00e4rmeflussmessplatten sind f\u00fcr Messaufgaben ausgelegt, bei denen die Temperatur 80\u00b0C nicht \u00fcbersteigt und ein l\u00e4ngerer Feuchtekontakt vermieden wird. F\u00fcr Anwendungen, bei denen die relative Luftfeuchtigkeit 80 % \u00fcbersteigt oder ein direkter Feuchtekontakt gegeben ist, m\u00fcssen die Sensoren durch zus\u00e4tzliche Ma\u00dfnahmen gesch\u00fctzt werden. Der Grund hierf\u00fcr besteht darin, dass d\u00fcnne Kunststoffschichten nicht dampfdicht sind. [&hellip;]<\/p>","protected":false},"author":1,"featured_media":0,"parent":0,"menu_order":0,"comment_status":"closed","ping_status":"closed","template":"","meta":{"site-sidebar-layout":"no-sidebar","site-content-layout":"page-builder","ast-site-content-layout":"default","site-content-style":"default","site-sidebar-style":"default","ast-global-header-display":"","ast-banner-title-visibility":"","ast-main-header-display":"","ast-hfb-above-header-display":"","ast-hfb-below-header-display":"","ast-hfb-mobile-header-display":"","site-post-title":"disabled","ast-breadcrumbs-content":"","ast-featured-img":"disabled","footer-sml-layout":"","ast-disable-related-posts":"","theme-transparent-header-meta":"","adv-header-id-meta":"","stick-header-meta":"","header-above-stick-meta":"","header-main-stick-meta":"","header-below-stick-meta":"","astra-migrate-meta-layouts":"default","ast-page-background-enabled":"default","ast-page-background-meta":{"desktop":{"background-color":"","background-image":"","background-repeat":"repeat","background-position":"center center","background-size":"auto","background-attachment":"scroll","background-type":"","background-media":"","overlay-type":"","overlay-color":"","overlay-opacity":"","overlay-gradient":""},"tablet":{"background-color":"","background-image":"","background-repeat":"repeat","background-position":"center center","background-size":"auto","background-attachment":"scroll","background-type":"","background-media":"","overlay-type":"","overlay-color":"","overlay-opacity":"","overlay-gradient":""},"mobile":{"background-color":"","background-image":"","background-repeat":"repeat","background-position":"center center","background-size":"auto","background-attachment":"scroll","background-type":"","background-media":"","overlay-type":"","overlay-color":"","overlay-opacity":"","overlay-gradient":""}},"ast-content-background-meta":{"desktop":{"background-color":"var(--ast-global-color-5)","background-image":"","background-repeat":"repeat","background-position":"center center","background-size":"auto","background-attachment":"scroll","background-type":"","background-media":"","overlay-type":"","overlay-color":"","overlay-opacity":"","overlay-gradient":""},"tablet":{"background-color":"var(--ast-global-color-5)","background-image":"","background-repeat":"repeat","background-position":"center center","background-size":"auto","background-attachment":"scroll","background-type":"","background-media":"","overlay-type":"","overlay-color":"","overlay-opacity":"","overlay-gradient":""},"mobile":{"background-color":"var(--ast-global-color-5)","background-image":"","background-repeat":"repeat","background-position":"center center","background-size":"auto","background-attachment":"scroll","background-type":"","background-media":"","overlay-type":"","overlay-color":"","overlay-opacity":"","overlay-gradient":""}},"footnotes":""},"class_list":["post-995","page","type-page","status-publish","hentry"],"_links":{"self":[{"href":"https:\/\/phymeas.de\/en\/wp-json\/wp\/v2\/pages\/995","targetHints":{"allow":["GET"]}}],"collection":[{"href":"https:\/\/phymeas.de\/en\/wp-json\/wp\/v2\/pages"}],"about":[{"href":"https:\/\/phymeas.de\/en\/wp-json\/wp\/v2\/types\/page"}],"author":[{"embeddable":true,"href":"https:\/\/phymeas.de\/en\/wp-json\/wp\/v2\/users\/1"}],"replies":[{"embeddable":true,"href":"https:\/\/phymeas.de\/en\/wp-json\/wp\/v2\/comments?post=995"}],"version-history":[{"count":11,"href":"https:\/\/phymeas.de\/en\/wp-json\/wp\/v2\/pages\/995\/revisions"}],"predecessor-version":[{"id":1819,"href":"https:\/\/phymeas.de\/en\/wp-json\/wp\/v2\/pages\/995\/revisions\/1819"}],"wp:attachment":[{"href":"https:\/\/phymeas.de\/en\/wp-json\/wp\/v2\/media?parent=995"}],"curies":[{"name":"wp","href":"https:\/\/api.w.org\/{rel}","templated":true}]}}