{"id":1711,"date":"2023-02-05T09:30:39","date_gmt":"2023-02-05T09:30:39","guid":{"rendered":"http:\/\/phymeastest.de\/?page_id=1711"},"modified":"2023-02-05T13:57:58","modified_gmt":"2023-02-05T13:57:58","slug":"impressum","status":"publish","type":"page","link":"https:\/\/phymeas.de\/en\/impressum\/","title":{"rendered":"Imprint"},"content":{"rendered":"<div data-elementor-type=\"wp-page\" data-elementor-id=\"1711\" class=\"elementor elementor-1711\">\n\t\t\t\t\t\t<section class=\"elementor-section elementor-top-section elementor-element elementor-element-3f3fff2e elementor-section-boxed elementor-section-height-default elementor-section-height-default\" data-id=\"3f3fff2e\" data-element_type=\"section\" data-e-type=\"section\">\n\t\t\t\t\t\t<div class=\"elementor-container elementor-column-gap-default\">\n\t\t\t\t\t<div class=\"elementor-column elementor-col-100 elementor-top-column elementor-element elementor-element-74ab3b94\" data-id=\"74ab3b94\" data-element_type=\"column\" data-e-type=\"column\">\n\t\t\t<div class=\"elementor-widget-wrap elementor-element-populated\">\n\t\t\t\t\t\t<div class=\"elementor-element elementor-element-2e6ef271 elementor-widget elementor-widget-heading\" data-id=\"2e6ef271\" data-element_type=\"widget\" data-e-type=\"widget\" data-widget_type=\"heading.default\">\n\t\t\t\t<div class=\"elementor-widget-container\">\n\t\t\t\t\t<h2 class=\"elementor-heading-title elementor-size-default\">Imprint<\/h2>\t\t\t\t<\/div>\n\t\t\t\t<\/div>\n\t\t\t\t<div class=\"elementor-element elementor-element-3cfce15 elementor-widget elementor-widget-text-editor\" data-id=\"3cfce15\" data-element_type=\"widget\" data-e-type=\"widget\" data-widget_type=\"text-editor.default\">\n\t\t\t\t<div class=\"elementor-widget-container\">\n\t\t\t\t\t\t\t\t\t<p style=\"padding-top: 7px; padding-bottom: 7px; color: rgb(0, 0, 0); font-family: arial, arial; font-size: 16px; font-style: normal; font-weight: 500;\">Phymeas GbR<\/p><p style=\"padding-top: 7px; padding-bottom: 7px; color: rgb(0, 0, 0); font-family: arial, arial; font-size: 16px; font-style: normal; font-weight: 500;\">Trade, calibration and production of physical measurement technology.<\/p><p style=\"padding-top: 7px; padding-bottom: 7px; color: rgb(0, 0, 0); font-family: arial, arial; font-size: 16px; font-style: normal; font-weight: 500;\">Shareholders:<br>Benjamin Rudtsch, Dr. Rainer Schubert<\/p><p style=\"padding-top: 7px; padding-bottom: 7px; color: rgb(0, 0, 0); font-family: arial, arial; font-size: 16px; font-style: normal; font-weight: 500;\">Address:<br>Tel: +49 355 5838 -009<br>Fax: +49 355 5838 -389<br>email:&nbsp;<code style=\"color: rgb(88, 134, 163);\"><a href=\"mailto:info@phymeas.de\" style=\"color: rgb(51, 51, 51); text-decoration-line: underline;\">info@phymeas.de<\/a><\/code><\/p><p style=\"padding-top: 7px; padding-bottom: 7px; color: rgb(0, 0, 0); font-family: arial, arial; font-size: 16px; font-style: normal; font-weight: 500;\">VAT ID No.:<\/p><p style=\"padding-top: 7px; padding-bottom: 7px; color: rgb(0, 0, 0); font-family: arial, arial; font-size: 16px; font-style: normal; font-weight: 500;\">Relevant Chamber of Commerce: Industrie- und Handelskammer Cottbus<\/p><p style=\"padding-top: 7px; padding-bottom: 7px; color: rgb(0, 0, 0); font-family: arial, arial; font-size: 16px; font-style: normal; font-weight: 500;\">Authorized and responsible for the content of this web-site:<br>Benjamin Rudtsch,&nbsp;Dr. Rainer Schubert<\/p><h2 style=\"margin-bottom: 0px; color: rgb(0, 0, 0); font-family: arial, arial; font-size: 20px; line-height: 20px; font-style: normal;\">Disclaimer<\/h2><p style=\"padding-top: 7px; padding-bottom: 7px; color: rgb(0, 0, 0); font-family: arial, arial; font-size: 16px; font-style: normal; font-weight: 500;\">Accountability for content<br>The contents of our pages have been created with the utmost care. However, we cannot guarantee the contents\u2019 accuracy, completeness or topicality. According to statutory provisions, we are furthermore responsible for our own content on these web pages. In this context, please note that we are accordingly not obliged to monitor merely the transmitted or saved information of third parties, or investigate circumstances pointing to illegal activity. Our obligations to remove or block the use of information under generally applicable laws remain unaffected by this as per \u00a7\u00a7 8 to 10 of the Telemedia Act (TMG).<\/p><p style=\"padding-top: 7px; padding-bottom: 7px; color: rgb(0, 0, 0); font-family: arial, arial; font-size: 16px; font-style: normal; font-weight: 500;\">Accountability for links<br>Responsibility for the content of external links (to web pages of third parties) lies solely with the operators of the linked pages. No violations were evident to us at the time of linking. Should any legal infringement become known to us, we will remove the respective link immediately.<\/p><p style=\"padding-top: 7px; padding-bottom: 7px; color: rgb(0, 0, 0); font-family: arial, arial; font-size: 16px; font-style: normal; font-weight: 500;\">Copyright<br>Our web pages and their contents are subject to German copyright law. Unless expressly permitted by law (\u00a7 44a et seq. of the copyright law), every form of utilizing, reproducing or processing works subject to copyright protection on our web pages requires the prior consent of the respective owner of the rights. Individual reproductions of a work are allowed only for private use, so must not serve either directly or indirectly for earnings. Unauthorized utilization of copyrighted works is punishable (\u00a7 106 of the copyright law).<\/p>\t\t\t\t\t\t\t\t<\/div>\n\t\t\t\t<\/div>\n\t\t\t\t\t<\/div>\n\t\t<\/div>\n\t\t\t\t\t<\/div>\n\t\t<\/section>\n\t\t\t\t<\/div>","protected":false},"excerpt":{"rendered":"<p>Impressum Phymeas GbR Handel, Kalibrierung und Herstellung physikalischer Messtechnik GesellschafterBenjamin Rudtsch, Dr. Rainer Schubert Anschrift: Phymeas GbR, Ahornring 21, 03055 Cottbus, GermanyTel: +49 355 5838 -009Fax: +49 355 5838 -389email:&nbsp;info@phymeas.de USt-IdNr: DE138781480 Zust\u00e4ndige Kammer: Industrie- und Handelskammer Cottbus Vertretungsberechtigt sowie verantwortlich f\u00fcr den Inhalt der Web-SiteBenjamin Rudtsch,&nbsp;Dr. Rainer Schubert Haftungsausschluss Haftung f\u00fcr InhalteDie Inhalte unserer [&hellip;]<\/p>","protected":false},"author":1,"featured_media":0,"parent":0,"menu_order":0,"comment_status":"closed","ping_status":"closed","template":"","meta":{"site-sidebar-layout":"no-sidebar","site-content-layout":"page-builder","ast-site-content-layout":"default","site-content-style":"default","site-sidebar-style":"default","ast-global-header-display":"","ast-banner-title-visibility":"","ast-main-header-display":"","ast-hfb-above-header-display":"","ast-hfb-below-header-display":"","ast-hfb-mobile-header-display":"","site-post-title":"disabled","ast-breadcrumbs-content":"","ast-featured-img":"disabled","footer-sml-layout":"","ast-disable-related-posts":"","theme-transparent-header-meta":"","adv-header-id-meta":"","stick-header-meta":"","header-above-stick-meta":"","header-main-stick-meta":"","header-below-stick-meta":"","astra-migrate-meta-layouts":"default","ast-page-background-enabled":"default","ast-page-background-meta":{"desktop":{"background-color":"","background-image":"","background-repeat":"repeat","background-position":"center center","background-size":"auto","background-attachment":"scroll","background-type":"","background-media":"","overlay-type":"","overlay-color":"","overlay-opacity":"","overlay-gradient":""},"tablet":{"background-color":"","background-image":"","background-repeat":"repeat","background-position":"center center","background-size":"auto","background-attachment":"scroll","background-type":"","background-media":"","overlay-type":"","overlay-color":"","overlay-opacity":"","overlay-gradient":""},"mobile":{"background-color":"","background-image":"","background-repeat":"repeat","background-position":"center center","background-size":"auto","background-attachment":"scroll","background-type":"","background-media":"","overlay-type":"","overlay-color":"","overlay-opacity":"","overlay-gradient":""}},"ast-content-background-meta":{"desktop":{"background-color":"var(--ast-global-color-5)","background-image":"","background-repeat":"repeat","background-position":"center center","background-size":"auto","background-attachment":"scroll","background-type":"","background-media":"","overlay-type":"","overlay-color":"","overlay-opacity":"","overlay-gradient":""},"tablet":{"background-color":"var(--ast-global-color-5)","background-image":"","background-repeat":"repeat","background-position":"center center","background-size":"auto","background-attachment":"scroll","background-type":"","background-media":"","overlay-type":"","overlay-color":"","overlay-opacity":"","overlay-gradient":""},"mobile":{"background-color":"var(--ast-global-color-5)","background-image":"","background-repeat":"repeat","background-position":"center center","background-size":"auto","background-attachment":"scroll","background-type":"","background-media":"","overlay-type":"","overlay-color":"","overlay-opacity":"","overlay-gradient":""}},"footnotes":""},"class_list":["post-1711","page","type-page","status-publish","hentry"],"_links":{"self":[{"href":"https:\/\/phymeas.de\/en\/wp-json\/wp\/v2\/pages\/1711","targetHints":{"allow":["GET"]}}],"collection":[{"href":"https:\/\/phymeas.de\/en\/wp-json\/wp\/v2\/pages"}],"about":[{"href":"https:\/\/phymeas.de\/en\/wp-json\/wp\/v2\/types\/page"}],"author":[{"embeddable":true,"href":"https:\/\/phymeas.de\/en\/wp-json\/wp\/v2\/users\/1"}],"replies":[{"embeddable":true,"href":"https:\/\/phymeas.de\/en\/wp-json\/wp\/v2\/comments?post=1711"}],"version-history":[{"count":7,"href":"https:\/\/phymeas.de\/en\/wp-json\/wp\/v2\/pages\/1711\/revisions"}],"predecessor-version":[{"id":1807,"href":"https:\/\/phymeas.de\/en\/wp-json\/wp\/v2\/pages\/1711\/revisions\/1807"}],"wp:attachment":[{"href":"https:\/\/phymeas.de\/en\/wp-json\/wp\/v2\/media?parent=1711"}],"curies":[{"name":"wp","href":"https:\/\/api.w.org\/{rel}","templated":true}]}}