{"id":1114,"date":"2023-01-30T12:20:05","date_gmt":"2023-01-30T12:20:05","guid":{"rendered":"http:\/\/phymeastest.de\/?page_id=1114"},"modified":"2023-05-15T12:15:09","modified_gmt":"2023-05-15T12:15:09","slug":"kalibrierung","status":"publish","type":"page","link":"https:\/\/phymeas.de\/en\/kalibrierung\/","title":{"rendered":"Calibration"},"content":{"rendered":"<div data-elementor-type=\"wp-page\" data-elementor-id=\"1114\" class=\"elementor elementor-1114\">\n\t\t\t\t\t\t<section class=\"elementor-section elementor-top-section elementor-element elementor-element-662c2f32 elementor-section-boxed elementor-section-height-default elementor-section-height-default\" data-id=\"662c2f32\" data-element_type=\"section\" data-e-type=\"section\">\n\t\t\t\t\t\t<div class=\"elementor-container elementor-column-gap-default\">\n\t\t\t\t\t<div class=\"elementor-column elementor-col-100 elementor-top-column elementor-element elementor-element-f04821b\" data-id=\"f04821b\" data-element_type=\"column\" data-e-type=\"column\">\n\t\t\t<div class=\"elementor-widget-wrap elementor-element-populated\">\n\t\t\t\t\t\t<div class=\"elementor-element elementor-element-6cc75e44 elementor-widget elementor-widget-heading\" data-id=\"6cc75e44\" data-element_type=\"widget\" data-e-type=\"widget\" data-widget_type=\"heading.default\">\n\t\t\t\t<div class=\"elementor-widget-container\">\n\t\t\t\t\t<h2 class=\"elementor-heading-title elementor-size-default\">Calibration<\/h2>\t\t\t\t<\/div>\n\t\t\t\t<\/div>\n\t\t\t\t<div class=\"elementor-element elementor-element-103dd873 elementor-widget elementor-widget-text-editor\" data-id=\"103dd873\" data-element_type=\"widget\" data-e-type=\"widget\" data-widget_type=\"text-editor.default\">\n\t\t\t\t<div class=\"elementor-widget-container\">\n\t\t\t\t\t\t\t\t\t<div>\n\nAlle Sensoren werden individuell bei einer Mittentemperatur von 23\u00b0C kalibriert und mit einem entsprechenden Pr\u00fcfbericht geliefert.\nDie temperaturabh\u00e4ngige \u00c4nderung des Kalibrierwertes betr\u00e4gt -0,12 %\/K f\u00fcr unsere starren Epoxidharz Sensoren und -0,17 %\/K f\u00fcr unsere flexiblen Silikongummi Sensoren.\nDie Reproduzierbarkeit der von uns durchgef\u00fchrten Kalibrierung ist besser als 1%. F\u00fcr die Unsicherheit des Kalibrierwertes der Sensoren garantieren wir einen Wert von 5% f\u00fcr die Dauer eines Jahres. Da die Kalibrierwerte durch Alterung, thermische Belastung und durch Eindiffundieren von Schadgasen und Wasser beeinflusst werden k\u00f6nnen, ist es empfehlenswert, die Sensoren in regelm\u00e4\u00dfigen Abst\u00e4nden (ca. 1\u00a0Jahr) nachkalibrieren zu lassen.\n\nDie Kalibrierung unserer W\u00e4rmeflussmessplatten, mit Abmessungen von maximal 250 mm \u2022 250 mm, kann auf eine Einplattenapparatur mit Schutzheizplatte zur\u00fcckgef\u00fchrt werden. Im folgenden Bild ist der schematische Aufbau einer von uns betriebenen Plattenapparatur dargestellt.\n\n<img fetchpriority=\"high\" decoding=\"async\" class=\"alignleft\" src=\"https:\/\/phymeas.de\/wp-content\/uploads\/2023\/02\/Plattenapparatur-Deutsch.png\" alt=\"\" width=\"614\" height=\"269\" \/>\n\nDie Temperierung der K\u00fchl- und der Schutzheizplatte erfolgt \u00fcber Fl\u00fcssigkeitsthermostate. Die Heizplatte wird elektrisch betrieben. Zur pr\u00e4zisen Messung der W\u00e4rmestromdichte in der Apparatur m\u00fcssen die Schutzheiz- und Heizplatte exakt die gleiche Temperatur haben. In diesem Fall flie\u00dft die gesamte in der Heizplatte umgesetzte W\u00e4rmemenge (elektrische Heizenergie) durch die Probe, so dass bei Kenntnis der probenseitigen Fl\u00e4che der Heizplatte die W\u00e4rmestromdichte ermittelt werden kann.\n\nDie erreichbare Genauigkeit der W\u00e4rmestromdichtemessung wird entscheidend durch den verbleibenden Fehler bei der Ausregelung der Temperaturdifferenz zwischen Heizplatte und Schutzheizplatte bestimmt. Die Messung der Temperaturdifferenz erfolgt mittels einer empfindlichen Thermoelementkette (ca. 1,4 mV\/K) und eines hochgenauen Digitalvoltmeters (100 nV Aufl\u00f6sung). Die verbleibende Regelungenauigkeit ist kleiner 1\u00a0mK.\n<div><\/div>\n<\/div>\t\t\t\t\t\t\t\t<\/div>\n\t\t\t\t<\/div>\n\t\t\t\t\t<\/div>\n\t\t<\/div>\n\t\t\t\t\t<\/div>\n\t\t<\/section>\n\t\t\t\t<\/div>","protected":false},"excerpt":{"rendered":"<p>Kalibrierung Alle Sensoren werden individuell bei einer Mittentemperatur von 23\u00b0C kalibriert und mit einem entsprechenden Pr\u00fcfbericht geliefert. Die temperaturabh\u00e4ngige \u00c4nderung des Kalibrierwertes betr\u00e4gt -0,12 %\/K f\u00fcr unsere starren Epoxidharz Sensoren und -0,17 %\/K f\u00fcr unsere flexiblen Silikongummi Sensoren. Die Reproduzierbarkeit der von uns durchgef\u00fchrten Kalibrierung ist besser als 1%. F\u00fcr die Unsicherheit des Kalibrierwertes der [&hellip;]<\/p>","protected":false},"author":1,"featured_media":0,"parent":0,"menu_order":0,"comment_status":"closed","ping_status":"closed","template":"","meta":{"site-sidebar-layout":"no-sidebar","site-content-layout":"page-builder","ast-site-content-layout":"default","site-content-style":"default","site-sidebar-style":"default","ast-global-header-display":"","ast-banner-title-visibility":"","ast-main-header-display":"","ast-hfb-above-header-display":"","ast-hfb-below-header-display":"","ast-hfb-mobile-header-display":"","site-post-title":"disabled","ast-breadcrumbs-content":"","ast-featured-img":"disabled","footer-sml-layout":"","ast-disable-related-posts":"","theme-transparent-header-meta":"","adv-header-id-meta":"","stick-header-meta":"","header-above-stick-meta":"","header-main-stick-meta":"","header-below-stick-meta":"","astra-migrate-meta-layouts":"default","ast-page-background-enabled":"default","ast-page-background-meta":{"desktop":{"background-color":"","background-image":"","background-repeat":"repeat","background-position":"center center","background-size":"auto","background-attachment":"scroll","background-type":"","background-media":"","overlay-type":"","overlay-color":"","overlay-opacity":"","overlay-gradient":""},"tablet":{"background-color":"","background-image":"","background-repeat":"repeat","background-position":"center center","background-size":"auto","background-attachment":"scroll","background-type":"","background-media":"","overlay-type":"","overlay-color":"","overlay-opacity":"","overlay-gradient":""},"mobile":{"background-color":"","background-image":"","background-repeat":"repeat","background-position":"center center","background-size":"auto","background-attachment":"scroll","background-type":"","background-media":"","overlay-type":"","overlay-color":"","overlay-opacity":"","overlay-gradient":""}},"ast-content-background-meta":{"desktop":{"background-color":"var(--ast-global-color-5)","background-image":"","background-repeat":"repeat","background-position":"center center","background-size":"auto","background-attachment":"scroll","background-type":"","background-media":"","overlay-type":"","overlay-color":"","overlay-opacity":"","overlay-gradient":""},"tablet":{"background-color":"var(--ast-global-color-5)","background-image":"","background-repeat":"repeat","background-position":"center center","background-size":"auto","background-attachment":"scroll","background-type":"","background-media":"","overlay-type":"","overlay-color":"","overlay-opacity":"","overlay-gradient":""},"mobile":{"background-color":"var(--ast-global-color-5)","background-image":"","background-repeat":"repeat","background-position":"center center","background-size":"auto","background-attachment":"scroll","background-type":"","background-media":"","overlay-type":"","overlay-color":"","overlay-opacity":"","overlay-gradient":""}},"footnotes":""},"class_list":["post-1114","page","type-page","status-publish","hentry"],"_links":{"self":[{"href":"https:\/\/phymeas.de\/en\/wp-json\/wp\/v2\/pages\/1114","targetHints":{"allow":["GET"]}}],"collection":[{"href":"https:\/\/phymeas.de\/en\/wp-json\/wp\/v2\/pages"}],"about":[{"href":"https:\/\/phymeas.de\/en\/wp-json\/wp\/v2\/types\/page"}],"author":[{"embeddable":true,"href":"https:\/\/phymeas.de\/en\/wp-json\/wp\/v2\/users\/1"}],"replies":[{"embeddable":true,"href":"https:\/\/phymeas.de\/en\/wp-json\/wp\/v2\/comments?post=1114"}],"version-history":[{"count":52,"href":"https:\/\/phymeas.de\/en\/wp-json\/wp\/v2\/pages\/1114\/revisions"}],"predecessor-version":[{"id":1961,"href":"https:\/\/phymeas.de\/en\/wp-json\/wp\/v2\/pages\/1114\/revisions\/1961"}],"wp:attachment":[{"href":"https:\/\/phymeas.de\/en\/wp-json\/wp\/v2\/media?parent=1114"}],"curies":[{"name":"wp","href":"https:\/\/api.w.org\/{rel}","templated":true}]}}